{"id":757,"date":"2019-05-10T11:31:17","date_gmt":"2019-05-10T09:31:17","guid":{"rendered":"http:\/\/www.cocimatic.es\/?page_id=757"},"modified":"2019-05-15T12:03:42","modified_gmt":"2019-05-15T10:03:42","slug":"ultimos-proyectos","status":"publish","type":"page","link":"https:\/\/www.cocimatic.es\/es\/ultimos-proyectos\/","title":{"rendered":"\u00daltimos proyectos"},"content":{"rendered":"<div id=\"pl-757\"  class=\"panel-layout\" ><div id=\"pg-757-0\"  class=\"panel-grid panel-no-style\" ><div id=\"pgc-757-0-0\"  class=\"panel-grid-cell\" ><div id=\"panel-757-0-0-0\" class=\"so-panel widget widget_sow-editor panel-first-child panel-last-child\" data-index=\"0\" ><div\n\t\t\t\n\t\t\tclass=\"so-widget-sow-editor so-widget-sow-editor-base\"\n\t\t\t\n\t\t>\n<div class=\"siteorigin-widget-tinymce textwidget\">\n\t<h3>Estos son los proyectos de cocinas realizados por Cocimatic\u00a0 en los \u00faltimos meses<\/h3>\n<p>En ellos ponemos toda nuestra experiencia y saber hacer.<\/p>\n<\/div>\n<\/div><\/div><\/div><\/div><div id=\"pg-757-1\"  class=\"panel-grid panel-has-style\" ><div id=\"proyectos\" class=\"panel-row-style panel-row-style-for-757-1\" ><div id=\"pgc-757-1-0\"  class=\"panel-grid-cell\" ><div id=\"panel-757-1-0-0\" class=\"widget_text so-panel widget widget_custom_html panel-first-child panel-last-child\" data-index=\"1\" ><div class=\"widget_text panel-widget-style panel-widget-style-for-757-1-0-0\" ><div class=\"textwidget custom-html-widget\">    <div data-options='{&quot;id&quot;:&quot;244&quot;,&quot;lazy_load&quot;:&quot;no&quot;,&quot;masonry_enable&quot;:&quot;yes&quot;,&quot;view_type&quot;:&quot;grid&quot;}' id=\"post-grid-244\" class=\"post-grid grid\">\n    \n\n\n    <div class=\"grid-items\">\n      <div class=\"item item-800 skin flat even 0 \">\n        <div class=\"layer-wrapper layout-\">\n        <div class=\"layer-media\"><a href=\"https:\/\/www.cocimatic.es\/es\/proyectos-es\/zona-eixample-urgell-2\/\"><img decoding=\"async\" alt=\"\" src=\"https:\/\/www.cocimatic.es\/wp-content\/uploads\/2019\/05\/3-1.jpg\" \/><\/a><\/div>\n  <div class=\"layer-content\">\n        <div class=\"element element_0  title \">\r\n                    <a target=\"\"\r\n                href=\"https:\/\/www.cocimatic.es\/es\/proyectos-es\/zona-eixample-urgell-2\/\">Zona Eixample - Urgell<\/a>\r\n            <\/div>\r\n    <div class=\"element element_1  excerpt \">\r\n        MOD 420 - L Lacada con marco Blanco satinado Encimera de SILESTONE Zirconium Fregadero de FRANKE \u00a0Grifo de BLANCO &nbsp;            <\/div>\r\n            <a class=\"element element_2  read_more \"\r\n            target=\"\"\r\n            href=\"https:\/\/www.cocimatic.es\/es\/proyectos-es\/zona-eixample-urgell-2\/\"><\/a>\r\n      <\/div>\n    <\/div>\n  <\/div><div class=\"item item-808 skin flat odd 1 \">\n        <div class=\"layer-wrapper layout-\">\n        <div class=\"layer-media\"><a href=\"https:\/\/www.cocimatic.es\/es\/proyectos-es\/zona-vallcarca-2\/\"><img decoding=\"async\" alt=\"\" src=\"https:\/\/www.cocimatic.es\/wp-content\/uploads\/2019\/05\/5-1.jpg\" \/><\/a><\/div>\n  <div class=\"layer-content\">\n        <div class=\"element element_0  title \">\r\n                    <a target=\"\"\r\n                href=\"https:\/\/www.cocimatic.es\/es\/proyectos-es\/zona-vallcarca-2\/\">Zona Vallcarca<\/a>\r\n            <\/div>\r\n    <div class=\"element element_1  excerpt \">\r\n        MOD 402 - C Lacada tirador integrado Blanco satinado Campana cristal de NODOR Fregadero y grifo de FRANKE Placa inducci\u00f3n            <\/div>\r\n            <a class=\"element element_2  read_more \"\r\n            target=\"\"\r\n            href=\"https:\/\/www.cocimatic.es\/es\/proyectos-es\/zona-vallcarca-2\/\"><\/a>\r\n      <\/div>\n    <\/div>\n  <\/div><div class=\"item item-817 skin flat even 2 \">\n        <div class=\"layer-wrapper layout-\">\n        <div class=\"layer-media\"><a href=\"https:\/\/www.cocimatic.es\/es\/proyectos-es\/zona-turo-parc\/\"><img decoding=\"async\" alt=\"\" src=\"https:\/\/www.cocimatic.es\/wp-content\/uploads\/2019\/05\/7-1.jpg\" \/><\/a><\/div>\n  <div class=\"layer-content\">\n        <div class=\"element element_0  title \">\r\n                    <a target=\"\"\r\n                href=\"https:\/\/www.cocimatic.es\/es\/proyectos-es\/zona-turo-parc\/\">Zona Tur\u00f3 Parc<\/a>\r\n            <\/div>\r\n    <div class=\"element element_1  excerpt \">\r\n        MOD 403 - T Lacada blanco mate Sobre y tiradores de aluminio Campana mural de PANDO            <\/div>\r\n            <a class=\"element element_2  read_more \"\r\n            target=\"\"\r\n            href=\"https:\/\/www.cocimatic.es\/es\/proyectos-es\/zona-turo-parc\/\"><\/a>\r\n      <\/div>\n    <\/div>\n  <\/div><div class=\"item item-822 skin flat odd 3 \">\n        <div class=\"layer-wrapper layout-\">\n        <div class=\"layer-media\"><a href=\"https:\/\/www.cocimatic.es\/es\/proyectos-es\/zona-villa-olimpica\/\"><img decoding=\"async\" alt=\"\" src=\"https:\/\/www.cocimatic.es\/wp-content\/uploads\/2019\/05\/46.jpg\" \/><\/a><\/div>\n  <div class=\"layer-content\">\n        <div class=\"element element_0  title \">\r\n                    <a target=\"\"\r\n                href=\"https:\/\/www.cocimatic.es\/es\/proyectos-es\/zona-villa-olimpica\/\">Zona Villa Ol\u00edmpica<\/a>\r\n            <\/div>\r\n    <div class=\"element element_1  excerpt \">\r\n        MOD 401 - L Lacada tirador integrado Blanco satinado Fregadero de BLANCO Campana de techo de FRECAN Electrodom\u00e9sticos de BALAY            <\/div>\r\n            <a class=\"element element_2  read_more \"\r\n            target=\"\"\r\n            href=\"https:\/\/www.cocimatic.es\/es\/proyectos-es\/zona-villa-olimpica\/\"><\/a>\r\n      <\/div>\n    <\/div>\n  <\/div><div class=\"item item-826 skin flat even 4 \">\n        <div class=\"layer-wrapper layout-\">\n        <div class=\"layer-media\"><a href=\"https:\/\/www.cocimatic.es\/es\/proyectos-es\/zona-eixample-llanca\/\"><img decoding=\"async\" alt=\"\" src=\"https:\/\/www.cocimatic.es\/wp-content\/uploads\/2019\/05\/19-1.jpg\" \/><\/a><\/div>\n  <div class=\"layer-content\">\n        <div class=\"element element_0  title \">\r\n                    <a target=\"\"\r\n                href=\"https:\/\/www.cocimatic.es\/es\/proyectos-es\/zona-eixample-llanca\/\">Zona Eixample - Llanc\u00e0<\/a>\r\n            <\/div>\r\n    <div class=\"element element_1  excerpt \">\r\n        MOD 303 - T Lacada brillo Tono Beige Ivori Campana de techo de FRECAN Fregadero y grifo de BLANCO Electrodom\u00e9sticos            <\/div>\r\n            <a class=\"element element_2  read_more \"\r\n            target=\"\"\r\n            href=\"https:\/\/www.cocimatic.es\/es\/proyectos-es\/zona-eixample-llanca\/\"><\/a>\r\n      <\/div>\n    <\/div>\n  <\/div><div class=\"item item-832 skin flat odd 5 \">\n        <div class=\"layer-wrapper layout-\">\n        <div class=\"layer-media\"><a href=\"https:\/\/www.cocimatic.es\/es\/proyectos-es\/zona-eixample-villarroel\/\"><img decoding=\"async\" alt=\"\" src=\"https:\/\/www.cocimatic.es\/wp-content\/uploads\/2019\/05\/15-1.jpg\" \/><\/a><\/div>\n  <div class=\"layer-content\">\n        <div class=\"element element_0  title \">\r\n                    <a target=\"\"\r\n                href=\"https:\/\/www.cocimatic.es\/es\/proyectos-es\/zona-eixample-villarroel\/\">Zona Eixample - Villarroel<\/a>\r\n            <\/div>\r\n    <div class=\"element element_1  excerpt \">\r\n        MOD 402 - C Lacada tirador integrado Blanco satinado Grupo filtrante de FRECAN Fregadero y grifo de BLANCO Electrodom\u00e9sticos de            <\/div>\r\n            <a class=\"element element_2  read_more \"\r\n            target=\"\"\r\n            href=\"https:\/\/www.cocimatic.es\/es\/proyectos-es\/zona-eixample-villarroel\/\"><\/a>\r\n      <\/div>\n    <\/div>\n  <\/div><div class=\"item item-837 skin flat even 6 \">\n        <div class=\"layer-wrapper layout-\">\n        <div class=\"layer-media\"><a href=\"https:\/\/www.cocimatic.es\/es\/proyectos-es\/zona-hospitalet-santa-eulalia\/\"><img decoding=\"async\" alt=\"\" src=\"https:\/\/www.cocimatic.es\/wp-content\/uploads\/2019\/05\/22.jpg\" \/><\/a><\/div>\n  <div class=\"layer-content\">\n        <div class=\"element element_0  title \">\r\n                    <a target=\"\"\r\n                href=\"https:\/\/www.cocimatic.es\/es\/proyectos-es\/zona-hospitalet-santa-eulalia\/\">Zona Hospitalet - Santa Eulalia<\/a>\r\n            <\/div>\r\n    <div class=\"element element_1  excerpt \">\r\n        MOD 402 - C Lacada tirador integrado Blanco satinado fregadero y grifo de BLANCO Electrodom\u00e9sticos de SIEMENS Encimera y pared            <\/div>\r\n            <a class=\"element element_2  read_more \"\r\n            target=\"\"\r\n            href=\"https:\/\/www.cocimatic.es\/es\/proyectos-es\/zona-hospitalet-santa-eulalia\/\"><\/a>\r\n      <\/div>\n    <\/div>\n  <\/div><div class=\"item item-841 skin flat odd 7 \">\n        <div class=\"layer-wrapper layout-\">\n        <div class=\"layer-media\"><a href=\"https:\/\/www.cocimatic.es\/es\/proyectos-es\/zona-eixample-sagrada-familia\/\"><img decoding=\"async\" alt=\"\" src=\"https:\/\/www.cocimatic.es\/wp-content\/uploads\/2019\/05\/25.jpg\" \/><\/a><\/div>\n  <div class=\"layer-content\">\n        <div class=\"element element_0  title \">\r\n                    <a target=\"\"\r\n                href=\"https:\/\/www.cocimatic.es\/es\/proyectos-es\/zona-eixample-sagrada-familia\/\">Zona Eixample - Sagrada Familia<\/a>\r\n            <\/div>\r\n    <div class=\"element element_1  excerpt \">\r\n        MOD 401 - L Lacada tirador u\u00f1ero Blanco satinado Electrodom\u00e9sticos de SIEMENS Fregadero y grifo de BLANCO Encimera y pared            <\/div>\r\n            <a class=\"element element_2  read_more \"\r\n            target=\"\"\r\n            href=\"https:\/\/www.cocimatic.es\/es\/proyectos-es\/zona-eixample-sagrada-familia\/\"><\/a>\r\n      <\/div>\n    <\/div>\n  <\/div><div class=\"item item-848 skin flat even 8 \">\n        <div class=\"layer-wrapper layout-\">\n        <div class=\"layer-media\"><a href=\"https:\/\/www.cocimatic.es\/es\/proyectos-es\/zona-san-feliu-de-codinas\/\"><img decoding=\"async\" alt=\"\" src=\"https:\/\/www.cocimatic.es\/wp-content\/uploads\/2019\/05\/33-b.jpg\" \/><\/a><\/div>\n  <div class=\"layer-content\">\n        <div class=\"element element_0  title \">\r\n                    <a target=\"\"\r\n                href=\"https:\/\/www.cocimatic.es\/es\/proyectos-es\/zona-san-feliu-de-codinas\/\">Zona San Fel\u00edu de Codinas<\/a>\r\n            <\/div>\r\n    <div class=\"element element_1  excerpt \">\r\n        MOD 520 - L Madera lacada Blanco poro Electrodom\u00e9sticos SIEMENS Fregadero de FRANKE Encimera de NATURAMIA Cheyenne mate &nbsp;            <\/div>\r\n            <a class=\"element element_2  read_more \"\r\n            target=\"\"\r\n            href=\"https:\/\/www.cocimatic.es\/es\/proyectos-es\/zona-san-feliu-de-codinas\/\"><\/a>\r\n      <\/div>\n    <\/div>\n  <\/div><div class=\"item item-851 skin flat odd 9 \">\n        <div class=\"layer-wrapper layout-\">\n        <div class=\"layer-media\"><a href=\"https:\/\/www.cocimatic.es\/es\/proyectos-es\/zona-eixample-sant-gervasi\/\"><img decoding=\"async\" alt=\"\" src=\"https:\/\/www.cocimatic.es\/wp-content\/uploads\/2019\/05\/37.jpg\" \/><\/a><\/div>\n  <div class=\"layer-content\">\n        <div class=\"element element_0  title \">\r\n                    <a target=\"\"\r\n                href=\"https:\/\/www.cocimatic.es\/es\/proyectos-es\/zona-eixample-sant-gervasi\/\">Zona Eixample - Sant Gervasi<\/a>\r\n            <\/div>\r\n    <div class=\"element element_1  excerpt \">\r\n        MOD 303 - G Polilaminado tirador integrado Blanco mate Fregadero y grifo de BLANCO Campana de techo de FRECAN Electrodom\u00e9sticos            <\/div>\r\n            <a class=\"element element_2  read_more \"\r\n            target=\"\"\r\n            href=\"https:\/\/www.cocimatic.es\/es\/proyectos-es\/zona-eixample-sant-gervasi\/\"><\/a>\r\n      <\/div>\n    <\/div>\n  <\/div><div class=\"item item-856 skin flat even 10 \">\n        <div class=\"layer-wrapper layout-\">\n        <div class=\"layer-media\"><a href=\"https:\/\/www.cocimatic.es\/es\/proyectos-es\/zona-eixample-barcelona\/\"><img decoding=\"async\" alt=\"\" src=\"https:\/\/www.cocimatic.es\/wp-content\/uploads\/2019\/05\/40.jpg\" \/><\/a><\/div>\n  <div class=\"layer-content\">\n        <div class=\"element element_0  title \">\r\n                    <a target=\"\"\r\n                href=\"https:\/\/www.cocimatic.es\/es\/proyectos-es\/zona-eixample-barcelona\/\">Zona Eixample - Barcelona<\/a>\r\n            <\/div>\r\n    <div class=\"element element_1  excerpt \">\r\n        MOD 303 - G Polilaminado tirador integrado Blanco mate Fregadero y grifo de BLANCO Grupo filtrante de FRECAN Electrodom\u00e9sticos de            <\/div>\r\n            <a class=\"element element_2  read_more \"\r\n            target=\"\"\r\n            href=\"https:\/\/www.cocimatic.es\/es\/proyectos-es\/zona-eixample-barcelona\/\"><\/a>\r\n      <\/div>\n    <\/div>\n  <\/div><div class=\"item item-859 skin flat odd 11 \">\n        <div class=\"layer-wrapper layout-\">\n        <div class=\"layer-media\"><a href=\"https:\/\/www.cocimatic.es\/es\/proyectos-es\/zona-eixample-bailen\/\"><img decoding=\"async\" alt=\"\" src=\"https:\/\/www.cocimatic.es\/wp-content\/uploads\/2019\/04\/45.jpg\" \/><\/a><\/div>\n  <div class=\"layer-content\">\n        <div class=\"element element_0  title \">\r\n                    <a target=\"\"\r\n                href=\"https:\/\/www.cocimatic.es\/es\/proyectos-es\/zona-eixample-bailen\/\">Zona Eixample - Bail\u00e9n<\/a>\r\n            <\/div>\r\n    <div class=\"element element_1  excerpt \">\r\n        MOD 302 - C Tirador integrado Combinaci\u00f3n tonos madera y beige magnolia Grupo filtrante de NODOR Fregadero de BLANCO Electrodom\u00e9sticos            <\/div>\r\n            <a class=\"element element_2  read_more \"\r\n            target=\"\"\r\n            href=\"https:\/\/www.cocimatic.es\/es\/proyectos-es\/zona-eixample-bailen\/\"><\/a>\r\n      <\/div>\n    <\/div>\n  <\/div><div class=\"item item-1011 skin flat even 12 \">\n        <div class=\"layer-wrapper layout-\">\n        <div class=\"layer-media\"><a href=\"https:\/\/www.cocimatic.es\/es\/proyectos-es\/zona-hospitalet-jacinto-verdaguer\/\"><img decoding=\"async\" alt=\"\" src=\"https:\/\/www.cocimatic.es\/wp-content\/uploads\/2019\/05\/44.jpg\" \/><\/a><\/div>\n  <div class=\"layer-content\">\n        <div class=\"element element_0  title \">\r\n                    <a target=\"\"\r\n                href=\"https:\/\/www.cocimatic.es\/es\/proyectos-es\/zona-hospitalet-jacinto-verdaguer\/\">Zona Hospitalet - Jacinto verdaguer<\/a>\r\n            <\/div>\r\n    <div class=\"element element_1  excerpt \">\r\n        ESPECIAL CONSTRUCTORES 130 Unidades realizadas MOD 200 Laminado satinado Gola aluminio Blanco mate Fregadero de FRANKE Electrodom\u00e9sticos de BOSCH Encimera            <\/div>\r\n            <a class=\"element element_2  read_more \"\r\n            target=\"\"\r\n            href=\"https:\/\/www.cocimatic.es\/es\/proyectos-es\/zona-hospitalet-jacinto-verdaguer\/\"><\/a>\r\n      <\/div>\n    <\/div>\n  <\/div>    <\/div>\n    <div class=\"pagination\">\n      <div class=\"paginate\">\n      <\/div>\n  <style type=\"text\/css\">\n    #post-grid-244 .pagination .page-numbers {\n      font-size: 16px;\n      color: #fff;\n      background: #646464;\n    }\n\n    #post-grid-244 .pagination .page-numbers:hover,\n    #post-grid-244 .pagination .page-numbers.current {\n      background: #4b4b4b;\n    }\n  <\/style>\n  <\/div>\n      <script>\n          <\/script>\n    <style type=\"text\/css\">\n    #post-grid-244 .element_0 {\n      display: block;font-size: 21px;line-height: normal;padding: 5px 10px;text-align: left;    }\n\n    #post-grid-244 .element_1 {\n      display: block;font-size: 12px;padding: 5px 10px;text-align: left;    }\n\n    #post-grid-244 .element_2 {\n      display: block;font-size: 12px;font-weight: bold;padding: 0 10px;text-align: left;    }\n\n    #post-grid-244 .element_0:hover{}#post-grid-244 .element_1:hover{}#post-grid-244 .element_2:hover{}  <\/style>\n  <style type=\"text\/css\">\n    #post-grid-244 {\n      padding: 0px;\n      background-color: #fff;\n          }\n\n    #post-grid-244 .item {\n      padding: 0px;\n      background: #fff;\n          }\n\n    #post-grid-244 .item .layer-media {\n      height:auto;    }\n\n    @media only screen and (min-width: 0px) and (max-width: 767px) {\n      #post-grid-244 .grid-items {\n        text-align: center;\n              }\n\n      #post-grid-244 .item {\n        width: 95%;\n        margin: 1%;\n        display: inline-block;\n        vertical-align: top;\n        height:auto;      }\n    }\n\n    @media only screen and (min-width: 768px) and (max-width: 1023px) {\n      #post-grid-244 .grid-items {\n        text-align: center;\n              }\n\n      #post-grid-244 .item {\n        width: 48%;\n        margin: 1%;\n        display: inline-block;\n        vertical-align: top;\n        max-height:auto;      }\n    }\n\n    @media only screen and (min-width: 1024px) {\n      #post-grid-244 .grid-items {\n        text-align: center;\n              }\n\n      #post-grid-244 .item {\n        width: 31.3%;\n        display: inline-block;\n        margin: 1%;\n        vertical-align: top;\n        height:auto;      }\n    }\n\n      <\/style>\n  <\/div>\n<\/div><\/div><\/div><\/div><\/div><\/div><div id=\"pg-757-2\"  class=\"panel-grid panel-no-style\" ><div id=\"pgc-757-2-0\"  class=\"panel-grid-cell\" ><div id=\"panel-757-2-0-0\" class=\"widget_text so-panel widget widget_custom_html panel-first-child panel-last-child\" data-index=\"2\" ><div class=\"textwidget custom-html-widget\"><section id=\"ht-about-us-section\" class=\"ht-section\" style=\"background-color: ;\"> \n\t\t<div class=\"wow fadeInUp\" data-wow-duration=\"1s\" style=\"visibility: visible; animation-duration: 1s; animation-name: fadeInUp;\">\n\t\t\t\t\t<div class=\"row aboutbox\">\n\t\t\t\t\t\t<div class=\"ht-section-title-tagline\">\n\t\t\t\t\t\t\t<div class=\"text-center  lz-about-subheading\">\n\t\t\t\t\t\t\tCocimatic.es\t\t\t\t\t\t\t\n\t\t\t\t\t\t\t<\/div>\n\t\t\t\t\t\t\t<h2 class=\"text-center ht-section-title lz-about-heading\">\n\t\t\t\t\t\t\t\tM\u00e1s informaci\u00f3n\t\t\t\t\t\t\n\t\t\t\t\t\t\t<\/h2> \n\t\t\t\t\t\t<\/div>\n\t\t\t\t\t<\/div>\n\t\t\t\t\t<div class=\"clearfix\"><\/div>\n\t\t<\/div>\n\t\t<div class=\"col-md-10 col-md-offset-1\">\n\t\t\t<div class=\"row lowerabout-box\">\n\t\t\t\t\t\t<div class=\"about-post-wrap\">\n\t\t\t\t\t\t\t<div class=\"row about-post-boxes\">\n\t\t\t\t\t\t\t\t<div class=\"col-md-4 col-sm-4\">\n\t\t\t\t\t\t\t\t\t<div class=\"about-post text-center\">\n\t\t\t\t\t\t\t\t\t\t<div class=\"about-icon\">\n\t\t\t\t\t\t\t\t\t\t\t<span class=\"fa fa-phone\"><\/span>\n\t\t\t\t\t\t\t\t\t\t<\/div>\n\t\t\t\t\t\t\t\t\t\t<h5>Ll\u00e1manos<\/h5>\n\t\t\t\t\t\t\t\t\t\t<div class=\"about-excerpt\">\n\t\t\t\t\t\t\t\t\t\t\t<p>\n\t\t\t\t\t\t\t\t\t\t\tPara m\u00e1s informaci\u00f3n ll\u00e1manos al<br \/> <a href=\"tel:+34 93 456 26 51\">+34 93 456 26 51<\/a>\n\t\t\t\t\t\t\t\t\t\t\t<\/p>\n\t\t\t\t\t\t\t\t\t\t<\/div>\n\t\t\t\t\t\t\t\t\t<\/div>\n\t\t\t\t\t\t\t\t<\/div>\n\t\t\t\t\t\t\t\t<div class=\"col-md-4 col-sm-4\">\n\t\t\t\t\t\t\t\t\t<div class=\"about-post text-center\">\n\t\t\t\t\t\t\t\t\t\t<div class=\"about-icon\">\n\t\t\t\t\t\t\t\t\t\t\t<span class=\"fa fa-envelope-o\"><\/span>\n\t\t\t\t\t\t\t\t\t\t<\/div>\n\t\t\t\t\t\t\t\t\t\t<h5>Escr\u00edbenos<\/h5>\n\t\t\t\t\t\t\t\t\t\t<div class=\"about-excerpt\">\n\t\t\t\t\t\t\t\t\t\t\t<p>\n\t\t\t\t\t\t\t\t\t\t\t\tTambi\u00e9n puedes hacernos llegar tu consulta v\u00eda email <br \/><a href=\"mailto:cocimatic@cocimatic.es\">cocimatic@cocimatic.es<\/a>\t\t\t\t\t\t\t\t\t\t\t\t\t\t\t\t\n\t\t\t\t\t\t\t\t\t\t\t<\/p>\n\t\t\t\t\t\t\t\t\t\t<\/div>\n\t\t\t\t\t\t\t\t\t<\/div>\n\t\t\t\t\t\t\t\t<\/div>\n\t\t\t\t\t\t\t\t<div class=\"col-md-4 col-sm-4\">\n\t\t\t\t\t\t\t\t\t<div class=\"about-post text-center\">\n\t\t\t\t\t\t\t\t\t\t<div class=\"about-icon\">\n\t\t\t\t\t\t\t\t\t\t\t<span class=\"fa fa-map-marker\" aria-hidden=\"true\"><\/span>\n\t\t\t\t\t\t\t\t\t\t<\/div>\n\t\t\t\t\t\t\t\t\t\t<h5>Oficina en Barcelona<\/h5>\n\t\t\t\t\t\t\t\t\t\t<div class=\"about-excerpt\">\n\t\t\t\t\t\t\t\t\t\t\t<p>\n\t\t\t\t\t\t\t\t\t\t\t\t<a target=\"_blank\" href=\"\">c\/Sicilia, 348, Barcelona<\/a>\t\t\t\t\t\t\t\t\t\t\t\t\t\t\t\t\n\t\t\t\t\t\t\t\t\t\t\t<\/p>\n\t\t\t\t\t\t\t\t\t\t<\/div>\n\t\t\t\t\t\t\t\t\t<\/div>\n\t\t\t\t\t\t\t\t<\/div>\n\t\t\t\t\t\t\t\t<div class=\"clearfix\"><\/div>\n\t\t\t\t\t\t\t<\/div>\n\t\t\t\t\t\t<\/div>\n\t\t\t\t\t<div class=\"clearfix\"><\/div>\n\t\t\t<\/div>\n\t\t<\/div>\n\t\t<div class=\"clearfix\"><\/div>\n\t<\/section><\/div><\/div><\/div><\/div><\/div>","protected":false},"excerpt":{"rendered":"<p>MOD 420 &#8211; L Lacada con marco Blanco satinado Encimera de SILESTONE Zirconium Fregadero de FRANKE \u00a0Grifo de BLANCO &nbsp; &nbsp;<\/p>\n","protected":false},"author":2,"featured_media":393,"parent":0,"menu_order":0,"comment_status":"closed","ping_status":"closed","template":"templates\/page-right-sidebar.php","meta":{"footnotes":""},"class_list":["post-757","page","type-page","status-publish","has-post-thumbnail","hentry"],"_links":{"self":[{"href":"https:\/\/www.cocimatic.es\/es\/wp-json\/wp\/v2\/pages\/757","targetHints":{"allow":["GET"]}}],"collection":[{"href":"https:\/\/www.cocimatic.es\/es\/wp-json\/wp\/v2\/pages"}],"about":[{"href":"https:\/\/www.cocimatic.es\/es\/wp-json\/wp\/v2\/types\/page"}],"author":[{"embeddable":true,"href":"https:\/\/www.cocimatic.es\/es\/wp-json\/wp\/v2\/users\/2"}],"replies":[{"embeddable":true,"href":"https:\/\/www.cocimatic.es\/es\/wp-json\/wp\/v2\/comments?post=757"}],"version-history":[{"count":15,"href":"https:\/\/www.cocimatic.es\/es\/wp-json\/wp\/v2\/pages\/757\/revisions"}],"predecessor-version":[{"id":905,"href":"https:\/\/www.cocimatic.es\/es\/wp-json\/wp\/v2\/pages\/757\/revisions\/905"}],"wp:featuredmedia":[{"embeddable":true,"href":"https:\/\/www.cocimatic.es\/es\/wp-json\/wp\/v2\/media\/393"}],"wp:attachment":[{"href":"https:\/\/www.cocimatic.es\/es\/wp-json\/wp\/v2\/media?parent=757"}],"curies":[{"name":"wp","href":"https:\/\/api.w.org\/{rel}","templated":true}]}}