{"id":739,"date":"2019-05-10T11:19:28","date_gmt":"2019-05-10T09:19:28","guid":{"rendered":"http:\/\/www.cocimatic.es\/?page_id=739"},"modified":"2023-03-21T13:35:34","modified_gmt":"2023-03-21T12:35:34","slug":"contacto","status":"publish","type":"page","link":"https:\/\/www.cocimatic.es\/es\/contacto\/","title":{"rendered":"Contacto"},"content":{"rendered":"<div id=\"pl-739\"  class=\"panel-layout\" ><div id=\"pg-739-0\"  class=\"panel-grid panel-no-style\" ><div id=\"pgc-739-0-0\"  class=\"panel-grid-cell\" ><div id=\"panel-739-0-0-0\" class=\"so-panel widget widget_sow-editor panel-first-child panel-last-child\" data-index=\"0\" ><div\n\t\t\t\n\t\t\tclass=\"so-widget-sow-editor so-widget-sow-editor-base\"\n\t\t\t\n\t\t>\n<div class=\"siteorigin-widget-tinymce textwidget\">\n\t<p>Ponte en contacto con nosotros para cualquier consulta, a trav\u00e9s de nuestro tel\u00e9fono o por correo electr\u00f3nico, te atenderemos lo antes posible.<\/p>\n<\/div>\n<\/div><\/div><\/div><\/div><div id=\"pg-739-1\"  class=\"panel-grid panel-no-style\" ><div id=\"pgc-739-1-0\"  class=\"panel-grid-cell\" ><div id=\"panel-739-1-0-0\" class=\"widget_text so-panel widget widget_custom_html panel-first-child panel-last-child\" data-index=\"1\" ><div class=\"textwidget custom-html-widget\"><section id=\"ht-about-us-section\" class=\"ht-section\" style=\"background-color: ;\"> \n\t\t<div class=\"wow fadeInUp\" data-wow-duration=\"1s\" style=\"visibility: visible; animation-duration: 1s; animation-name: fadeInUp;\">\n\t\t\t\t\t<div class=\"row aboutbox\">\n\t\t\t\t\t\t<div class=\"ht-section-title-tagline\">\n\t\t\t\t\t\t\t<div class=\"text-center  lz-about-subheading\">\n\t\t\t\t\t\t\tCocimatic.es\t\t\t\t\t\t\t\n\t\t\t\t\t\t\t<\/div>\n\t\t\t\t\t\t\t<h2 class=\"text-center ht-section-title lz-about-heading\">\n\t\t\t\t\t\t\t\tM\u00e1s informaci\u00f3n\t\t\t\t\t\t\n\t\t\t\t\t\t\t<\/h2> \n\t\t\t\t\t\t<\/div>\n\t\t\t\t\t<\/div>\n\t\t\t\t\t<div class=\"clearfix\"><\/div>\n\t\t<\/div>\n\t\t<div class=\"col-md-10 col-md-offset-1\">\n\t\t\t<div class=\"row lowerabout-box\">\n\t\t\t\t\t\t<div class=\"about-post-wrap\">\n\t\t\t\t\t\t\t<div class=\"row about-post-boxes\">\n\t\t\t\t\t\t\t\t<!--<div class=\"col-md-4 col-sm-4\">\n\t\t\t\t\t\t\t\t\t<div class=\"about-post text-center\">\n\t\t\t\t\t\t\t\t\t\t<div class=\"about-icon\">\n\t\t\t\t\t\t\t\t\t\t\t<span class=\"fa fa-phone\"><\/span>\n\t\t\t\t\t\t\t\t\t\t<\/div>\n\t\t\t\t\t\t\t\t\t\t<h5>Ll\u00e1manos<\/h5>\n\t\t\t\t\t\t\t\t\t\t<div class=\"about-excerpt\">\n\t\t\t\t\t\t\t\t\t\t\t<p>\n\t\t\t\t\t\t\t\t\t\t\tPara m\u00e1s informaci\u00f3n ll\u00e1manos al<br \/> <a href=\"tel:+34 93 456 26 51\">+34 93 456 26 51<\/a>\n\t\t\t\t\t\t\t\t\t\t\t<\/p>\n\t\t\t\t\t\t\t\t\t\t<\/div>\n\t\t\t\t\t\t\t\t\t<\/div>\n\t\t\t\t\t\t\t\t<\/div>-->\n\t\t\t\t\t\t\t\t<div class=\"col-md-6 col-sm-6\">\n\t\t\t\t\t\t\t\t\t<div class=\"about-post text-center\">\n\t\t\t\t\t\t\t\t\t\t<div class=\"about-icon\">\n\t\t\t\t\t\t\t\t\t\t\t<span class=\"fa fa-envelope-o\"><\/span>\n\t\t\t\t\t\t\t\t\t\t<\/div>\n\t\t\t\t\t\t\t\t\t\t<h5>Escr\u00edbenos<\/h5>\n\t\t\t\t\t\t\t\t\t\t<div class=\"about-excerpt\">\n\t\t\t\t\t\t\t\t\t\t\t<p>\n\t\t\t\t\t\t\t\t\t\t\t\tTambi\u00e9n puedes hacernos llegar tu consulta v\u00eda email <br \/><a href=\"mailto:cocimatic@cocimatic.es\">cocimatic@cocimatic.es<\/a>\t\t\t\t\t\t\t\t\t\t\t\t\t\t\t\t\n\t\t\t\t\t\t\t\t\t\t\t<\/p>\n\t\t\t\t\t\t\t\t\t\t<\/div>\n\t\t\t\t\t\t\t\t\t<\/div>\n\t\t\t\t\t\t\t\t<\/div>\n\t\t\t\t\t\t\t\t<div class=\"col-md-6 col-sm-6\">\n\t\t\t\t\t\t\t\t\t<div class=\"about-post text-center\">\n\t\t\t\t\t\t\t\t\t\t<div class=\"about-icon\">\n\t\t\t\t\t\t\t\t\t\t\t<span class=\"fa fa-map-marker\" aria-hidden=\"true\"><\/span>\n\t\t\t\t\t\t\t\t\t\t<\/div>\n\t\t\t\t\t\t\t\t\t\t<h5>Oficina en Barcelona<\/h5>\n\t\t\t\t\t\t\t\t\t\t<div class=\"about-excerpt\">\n\t\t\t\t\t\t\t\t\t\t\t<p>\n\t\t\t\t\t\t\t\t\t\t\t\t<a target=\"_blank\" href=\"\">cocimatic@cocimatic.es<\/a>\t\t\t\t\t\t\t\t\t\t\t\t\t\t\t\t\n\t\t\t\t\t\t\t\t\t\t\t<\/p>\n\t\t\t\t\t\t\t\t\t\t<\/div>\n\t\t\t\t\t\t\t\t\t<\/div>\n\t\t\t\t\t\t\t\t<\/div>\n\t\t\t\t\t\t\t\t<div class=\"clearfix\"><\/div>\n\t\t\t\t\t\t\t<\/div>\n\t\t\t\t\t\t<\/div>\n\t\t\t\t\t<div class=\"clearfix\"><\/div>\n\t\t\t<\/div>\n\t\t<\/div>\n\t\t<div class=\"clearfix\"><\/div>\n\t<\/section><\/div><\/div><\/div><\/div><\/div>","protected":false},"excerpt":{"rendered":"<p>Ponte en contacto con nosotros para cualquier consulta, a trav\u00e9s de nuestro tel\u00e9fono o por correo electr\u00f3nico, te atenderemos lo antes posible.<\/p>\n","protected":false},"author":2,"featured_media":761,"parent":0,"menu_order":0,"comment_status":"closed","ping_status":"closed","template":"templates\/contact-template.php","meta":{"footnotes":""},"class_list":["post-739","page","type-page","status-publish","has-post-thumbnail","hentry"],"_links":{"self":[{"href":"https:\/\/www.cocimatic.es\/es\/wp-json\/wp\/v2\/pages\/739","targetHints":{"allow":["GET"]}}],"collection":[{"href":"https:\/\/www.cocimatic.es\/es\/wp-json\/wp\/v2\/pages"}],"about":[{"href":"https:\/\/www.cocimatic.es\/es\/wp-json\/wp\/v2\/types\/page"}],"author":[{"embeddable":true,"href":"https:\/\/www.cocimatic.es\/es\/wp-json\/wp\/v2\/users\/2"}],"replies":[{"embeddable":true,"href":"https:\/\/www.cocimatic.es\/es\/wp-json\/wp\/v2\/comments?post=739"}],"version-history":[{"count":12,"href":"https:\/\/www.cocimatic.es\/es\/wp-json\/wp\/v2\/pages\/739\/revisions"}],"predecessor-version":[{"id":1694,"href":"https:\/\/www.cocimatic.es\/es\/wp-json\/wp\/v2\/pages\/739\/revisions\/1694"}],"wp:featuredmedia":[{"embeddable":true,"href":"https:\/\/www.cocimatic.es\/es\/wp-json\/wp\/v2\/media\/761"}],"wp:attachment":[{"href":"https:\/\/www.cocimatic.es\/es\/wp-json\/wp\/v2\/media?parent=739"}],"curies":[{"name":"wp","href":"https:\/\/api.w.org\/{rel}","templated":true}]}}