{"id":735,"date":"2019-05-10T10:18:23","date_gmt":"2019-05-10T08:18:23","guid":{"rendered":"http:\/\/www.cocimatic.es\/?page_id=735"},"modified":"2023-03-27T13:15:55","modified_gmt":"2023-03-27T11:15:55","slug":"catalogo-de-cocinas","status":"publish","type":"page","link":"https:\/\/www.cocimatic.es\/es\/catalogo-de-cocinas\/","title":{"rendered":"Cat\u00e1logo de cocinas"},"content":{"rendered":"<div id=\"pl-735\"  class=\"panel-layout\" ><div id=\"pg-735-0\"  class=\"panel-grid panel-no-style\" ><div id=\"pgc-735-0-0\"  class=\"panel-grid-cell\" ><div id=\"panel-735-0-0-0\" class=\"so-panel widget widget_sow-image panel-first-child panel-last-child\" data-index=\"0\" ><div\n\t\t\t\n\t\t\tclass=\"so-widget-sow-image so-widget-sow-image-default-8b5b6f678277-735\"\n\t\t\t\n\t\t>\n<div class=\"sow-image-container\">\n\t\t<img fetchpriority=\"high\" \n\tsrc=\"https:\/\/www.cocimatic.es\/wp-content\/uploads\/2019\/05\/1.jpg\" width=\"581\" height=\"581\" srcset=\"https:\/\/www.cocimatic.es\/wp-content\/uploads\/2019\/05\/1.jpg 581w, https:\/\/www.cocimatic.es\/wp-content\/uploads\/2019\/05\/1-150x150.jpg 150w, https:\/\/www.cocimatic.es\/wp-content\/uploads\/2019\/05\/1-100x100.jpg 100w\" sizes=\"(max-width: 581px) 100vw, 581px\" alt=\"\" \t\tclass=\"so-widget-image\"\/>\n\t<\/div>\n\n<\/div><\/div><\/div><div id=\"pgc-735-0-1\"  class=\"panel-grid-cell\" ><div id=\"panel-735-0-1-0\" class=\"so-panel widget widget_sow-image panel-first-child panel-last-child\" data-index=\"1\" ><div\n\t\t\t\n\t\t\tclass=\"so-widget-sow-image so-widget-sow-image-default-8b5b6f678277-735\"\n\t\t\t\n\t\t>\n<div class=\"sow-image-container\">\n\t\t<img \n\tsrc=\"https:\/\/www.cocimatic.es\/wp-content\/uploads\/2019\/05\/2.jpg\" width=\"581\" height=\"581\" srcset=\"https:\/\/www.cocimatic.es\/wp-content\/uploads\/2019\/05\/2.jpg 581w, https:\/\/www.cocimatic.es\/wp-content\/uploads\/2019\/05\/2-150x150.jpg 150w, https:\/\/www.cocimatic.es\/wp-content\/uploads\/2019\/05\/2-100x100.jpg 100w\" sizes=\"(max-width: 581px) 100vw, 581px\" alt=\"\" \t\tclass=\"so-widget-image\"\/>\n\t<\/div>\n\n<\/div><\/div><\/div><div id=\"pgc-735-0-2\"  class=\"panel-grid-cell\" ><div id=\"panel-735-0-2-0\" class=\"so-panel widget widget_sow-image panel-first-child panel-last-child\" data-index=\"2\" ><div\n\t\t\t\n\t\t\tclass=\"so-widget-sow-image so-widget-sow-image-default-8b5b6f678277-735\"\n\t\t\t\n\t\t>\n<div class=\"sow-image-container\">\n\t\t<img \n\tsrc=\"https:\/\/www.cocimatic.es\/wp-content\/uploads\/2019\/05\/3.jpg\" width=\"582\" height=\"581\" srcset=\"https:\/\/www.cocimatic.es\/wp-content\/uploads\/2019\/05\/3.jpg 582w, https:\/\/www.cocimatic.es\/wp-content\/uploads\/2019\/05\/3-150x150.jpg 150w, https:\/\/www.cocimatic.es\/wp-content\/uploads\/2019\/05\/3-100x100.jpg 100w\" sizes=\"(max-width: 582px) 100vw, 582px\" alt=\"\" \t\tclass=\"so-widget-image\"\/>\n\t<\/div>\n\n<\/div><\/div><\/div><\/div><div id=\"pg-735-1\"  class=\"panel-grid panel-no-style\" ><div id=\"pgc-735-1-0\"  class=\"panel-grid-cell\" ><div id=\"panel-735-1-0-0\" class=\"so-panel widget widget_sow-image panel-first-child panel-last-child\" data-index=\"3\" ><div\n\t\t\t\n\t\t\tclass=\"so-widget-sow-image so-widget-sow-image-default-8b5b6f678277-735\"\n\t\t\t\n\t\t>\n<div class=\"sow-image-container\">\n\t\t<img loading=\"lazy\" \n\tsrc=\"https:\/\/www.cocimatic.es\/wp-content\/uploads\/2019\/05\/4.jpg\" width=\"581\" height=\"581\" srcset=\"https:\/\/www.cocimatic.es\/wp-content\/uploads\/2019\/05\/4.jpg 581w, https:\/\/www.cocimatic.es\/wp-content\/uploads\/2019\/05\/4-150x150.jpg 150w, https:\/\/www.cocimatic.es\/wp-content\/uploads\/2019\/05\/4-100x100.jpg 100w\" sizes=\"(max-width: 581px) 100vw, 581px\" alt=\"\" \t\tclass=\"so-widget-image\"\/>\n\t<\/div>\n\n<\/div><\/div><\/div><div id=\"pgc-735-1-1\"  class=\"panel-grid-cell\" ><div id=\"panel-735-1-1-0\" class=\"so-panel widget widget_sow-image panel-first-child panel-last-child\" data-index=\"4\" ><div\n\t\t\t\n\t\t\tclass=\"so-widget-sow-image so-widget-sow-image-default-8b5b6f678277-735\"\n\t\t\t\n\t\t>\n<div class=\"sow-image-container\">\n\t\t<img loading=\"lazy\" \n\tsrc=\"https:\/\/www.cocimatic.es\/wp-content\/uploads\/2019\/05\/5.jpg\" width=\"581\" height=\"581\" srcset=\"https:\/\/www.cocimatic.es\/wp-content\/uploads\/2019\/05\/5.jpg 581w, https:\/\/www.cocimatic.es\/wp-content\/uploads\/2019\/05\/5-150x150.jpg 150w, https:\/\/www.cocimatic.es\/wp-content\/uploads\/2019\/05\/5-100x100.jpg 100w\" sizes=\"(max-width: 581px) 100vw, 581px\" alt=\"\" \t\tclass=\"so-widget-image\"\/>\n\t<\/div>\n\n<\/div><\/div><\/div><div id=\"pgc-735-1-2\"  class=\"panel-grid-cell\" ><div id=\"panel-735-1-2-0\" class=\"so-panel widget widget_sow-image panel-first-child panel-last-child\" data-index=\"5\" ><div\n\t\t\t\n\t\t\tclass=\"so-widget-sow-image so-widget-sow-image-default-8b5b6f678277-735\"\n\t\t\t\n\t\t>\n<div class=\"sow-image-container\">\n\t\t<img loading=\"lazy\" \n\tsrc=\"https:\/\/www.cocimatic.es\/wp-content\/uploads\/2019\/05\/6.jpg\" width=\"582\" height=\"581\" srcset=\"https:\/\/www.cocimatic.es\/wp-content\/uploads\/2019\/05\/6.jpg 582w, https:\/\/www.cocimatic.es\/wp-content\/uploads\/2019\/05\/6-150x150.jpg 150w, https:\/\/www.cocimatic.es\/wp-content\/uploads\/2019\/05\/6-100x100.jpg 100w\" sizes=\"(max-width: 582px) 100vw, 582px\" alt=\"\" \t\tclass=\"so-widget-image\"\/>\n\t<\/div>\n\n<\/div><\/div><\/div><\/div><div id=\"pg-735-2\"  class=\"panel-grid panel-no-style\" ><div id=\"pgc-735-2-0\"  class=\"panel-grid-cell\" ><div id=\"panel-735-2-0-0\" class=\"so-panel widget widget_sow-image panel-first-child panel-last-child\" data-index=\"6\" ><div\n\t\t\t\n\t\t\tclass=\"so-widget-sow-image so-widget-sow-image-default-8b5b6f678277-735\"\n\t\t\t\n\t\t>\n<div class=\"sow-image-container\">\n\t\t<img loading=\"lazy\" \n\tsrc=\"https:\/\/www.cocimatic.es\/wp-content\/uploads\/2019\/05\/7.jpg\" width=\"581\" height=\"581\" srcset=\"https:\/\/www.cocimatic.es\/wp-content\/uploads\/2019\/05\/7.jpg 581w, https:\/\/www.cocimatic.es\/wp-content\/uploads\/2019\/05\/7-150x150.jpg 150w, https:\/\/www.cocimatic.es\/wp-content\/uploads\/2019\/05\/7-100x100.jpg 100w\" sizes=\"(max-width: 581px) 100vw, 581px\" alt=\"\" \t\tclass=\"so-widget-image\"\/>\n\t<\/div>\n\n<\/div><\/div><\/div><div id=\"pgc-735-2-1\"  class=\"panel-grid-cell\" ><div id=\"panel-735-2-1-0\" class=\"so-panel widget widget_sow-image panel-first-child panel-last-child\" data-index=\"7\" ><div\n\t\t\t\n\t\t\tclass=\"so-widget-sow-image so-widget-sow-image-default-8b5b6f678277-735\"\n\t\t\t\n\t\t>\n<div class=\"sow-image-container\">\n\t\t<img loading=\"lazy\" \n\tsrc=\"https:\/\/www.cocimatic.es\/wp-content\/uploads\/2019\/05\/8.jpg\" width=\"581\" height=\"581\" srcset=\"https:\/\/www.cocimatic.es\/wp-content\/uploads\/2019\/05\/8.jpg 581w, https:\/\/www.cocimatic.es\/wp-content\/uploads\/2019\/05\/8-150x150.jpg 150w, https:\/\/www.cocimatic.es\/wp-content\/uploads\/2019\/05\/8-100x100.jpg 100w\" sizes=\"(max-width: 581px) 100vw, 581px\" alt=\"\" \t\tclass=\"so-widget-image\"\/>\n\t<\/div>\n\n<\/div><\/div><\/div><div id=\"pgc-735-2-2\"  class=\"panel-grid-cell\" ><div id=\"panel-735-2-2-0\" class=\"so-panel widget widget_sow-image panel-first-child panel-last-child\" data-index=\"8\" ><div\n\t\t\t\n\t\t\tclass=\"so-widget-sow-image so-widget-sow-image-default-8b5b6f678277-735\"\n\t\t\t\n\t\t>\n<div class=\"sow-image-container\">\n\t\t<img loading=\"lazy\" \n\tsrc=\"https:\/\/www.cocimatic.es\/wp-content\/uploads\/2019\/05\/9.jpg\" width=\"582\" height=\"581\" srcset=\"https:\/\/www.cocimatic.es\/wp-content\/uploads\/2019\/05\/9.jpg 582w, https:\/\/www.cocimatic.es\/wp-content\/uploads\/2019\/05\/9-150x150.jpg 150w, https:\/\/www.cocimatic.es\/wp-content\/uploads\/2019\/05\/9-100x100.jpg 100w\" sizes=\"(max-width: 582px) 100vw, 582px\" alt=\"\" \t\tclass=\"so-widget-image\"\/>\n\t<\/div>\n\n<\/div><\/div><\/div><\/div><div id=\"pg-735-3\"  class=\"panel-grid panel-no-style\" ><div id=\"pgc-735-3-0\"  class=\"panel-grid-cell\" ><div id=\"panel-735-3-0-0\" class=\"so-panel widget widget_sow-image panel-first-child panel-last-child\" data-index=\"9\" ><div\n\t\t\t\n\t\t\tclass=\"so-widget-sow-image so-widget-sow-image-default-8b5b6f678277-735\"\n\t\t\t\n\t\t>\n<div class=\"sow-image-container\">\n\t\t<img loading=\"lazy\" \n\tsrc=\"https:\/\/www.cocimatic.es\/wp-content\/uploads\/2019\/05\/10.jpg\" width=\"581\" height=\"581\" srcset=\"https:\/\/www.cocimatic.es\/wp-content\/uploads\/2019\/05\/10.jpg 581w, https:\/\/www.cocimatic.es\/wp-content\/uploads\/2019\/05\/10-150x150.jpg 150w\" sizes=\"(max-width: 581px) 100vw, 581px\" alt=\"\" \t\tclass=\"so-widget-image\"\/>\n\t<\/div>\n\n<\/div><\/div><\/div><div id=\"pgc-735-3-1\"  class=\"panel-grid-cell\" ><div id=\"panel-735-3-1-0\" class=\"so-panel widget widget_sow-image panel-first-child panel-last-child\" data-index=\"10\" ><div\n\t\t\t\n\t\t\tclass=\"so-widget-sow-image so-widget-sow-image-default-8b5b6f678277-735\"\n\t\t\t\n\t\t>\n<div class=\"sow-image-container\">\n\t\t<img loading=\"lazy\" \n\tsrc=\"https:\/\/www.cocimatic.es\/wp-content\/uploads\/2019\/05\/11.jpg\" width=\"581\" height=\"581\" srcset=\"https:\/\/www.cocimatic.es\/wp-content\/uploads\/2019\/05\/11.jpg 581w, https:\/\/www.cocimatic.es\/wp-content\/uploads\/2019\/05\/11-150x150.jpg 150w\" sizes=\"(max-width: 581px) 100vw, 581px\" alt=\"\" \t\tclass=\"so-widget-image\"\/>\n\t<\/div>\n\n<\/div><\/div><\/div><div id=\"pgc-735-3-2\"  class=\"panel-grid-cell\" ><div id=\"panel-735-3-2-0\" class=\"so-panel widget widget_sow-image panel-first-child panel-last-child\" data-index=\"11\" ><div\n\t\t\t\n\t\t\tclass=\"so-widget-sow-image so-widget-sow-image-default-8b5b6f678277-735\"\n\t\t\t\n\t\t>\n<div class=\"sow-image-container\">\n\t\t<img loading=\"lazy\" \n\tsrc=\"https:\/\/www.cocimatic.es\/wp-content\/uploads\/2019\/05\/12.jpg\" width=\"582\" height=\"581\" srcset=\"https:\/\/www.cocimatic.es\/wp-content\/uploads\/2019\/05\/12.jpg 582w, https:\/\/www.cocimatic.es\/wp-content\/uploads\/2019\/05\/12-150x150.jpg 150w\" sizes=\"(max-width: 582px) 100vw, 582px\" alt=\"\" \t\tclass=\"so-widget-image\"\/>\n\t<\/div>\n\n<\/div><\/div><\/div><\/div><div id=\"pg-735-4\"  class=\"panel-grid panel-no-style\" ><div id=\"pgc-735-4-0\"  class=\"panel-grid-cell\" ><div id=\"panel-735-4-0-0\" class=\"so-panel widget widget_sow-image panel-first-child panel-last-child\" data-index=\"12\" ><div\n\t\t\t\n\t\t\tclass=\"so-widget-sow-image so-widget-sow-image-default-8b5b6f678277-735\"\n\t\t\t\n\t\t>\n<div class=\"sow-image-container\">\n\t\t<img loading=\"lazy\" \n\tsrc=\"https:\/\/www.cocimatic.es\/wp-content\/uploads\/2019\/05\/13.jpg\" width=\"581\" height=\"581\" srcset=\"https:\/\/www.cocimatic.es\/wp-content\/uploads\/2019\/05\/13.jpg 581w, https:\/\/www.cocimatic.es\/wp-content\/uploads\/2019\/05\/13-150x150.jpg 150w\" sizes=\"(max-width: 581px) 100vw, 581px\" alt=\"\" \t\tclass=\"so-widget-image\"\/>\n\t<\/div>\n\n<\/div><\/div><\/div><div id=\"pgc-735-4-1\"  class=\"panel-grid-cell\" ><div id=\"panel-735-4-1-0\" class=\"so-panel widget widget_sow-image panel-first-child panel-last-child\" data-index=\"13\" ><div\n\t\t\t\n\t\t\tclass=\"so-widget-sow-image so-widget-sow-image-default-8b5b6f678277-735\"\n\t\t\t\n\t\t>\n<div class=\"sow-image-container\">\n\t\t<img loading=\"lazy\" \n\tsrc=\"https:\/\/www.cocimatic.es\/wp-content\/uploads\/2019\/05\/14.jpg\" width=\"581\" height=\"581\" srcset=\"https:\/\/www.cocimatic.es\/wp-content\/uploads\/2019\/05\/14.jpg 581w, https:\/\/www.cocimatic.es\/wp-content\/uploads\/2019\/05\/14-150x150.jpg 150w\" sizes=\"(max-width: 581px) 100vw, 581px\" alt=\"\" \t\tclass=\"so-widget-image\"\/>\n\t<\/div>\n\n<\/div><\/div><\/div><div id=\"pgc-735-4-2\"  class=\"panel-grid-cell\" ><div id=\"panel-735-4-2-0\" class=\"so-panel widget widget_sow-image panel-first-child panel-last-child\" data-index=\"14\" ><div\n\t\t\t\n\t\t\tclass=\"so-widget-sow-image so-widget-sow-image-default-8b5b6f678277-735\"\n\t\t\t\n\t\t>\n<div class=\"sow-image-container\">\n\t\t<img loading=\"lazy\" \n\tsrc=\"https:\/\/www.cocimatic.es\/wp-content\/uploads\/2019\/05\/15.jpg\" width=\"582\" height=\"581\" srcset=\"https:\/\/www.cocimatic.es\/wp-content\/uploads\/2019\/05\/15.jpg 582w, https:\/\/www.cocimatic.es\/wp-content\/uploads\/2019\/05\/15-150x150.jpg 150w\" sizes=\"(max-width: 582px) 100vw, 582px\" alt=\"\" \t\tclass=\"so-widget-image\"\/>\n\t<\/div>\n\n<\/div><\/div><\/div><\/div><div id=\"pg-735-5\"  class=\"panel-grid panel-no-style\" ><div id=\"pgc-735-5-0\"  class=\"panel-grid-cell\" ><div id=\"panel-735-5-0-0\" class=\"so-panel widget widget_sow-image panel-first-child panel-last-child\" data-index=\"15\" ><div\n\t\t\t\n\t\t\tclass=\"so-widget-sow-image so-widget-sow-image-default-8b5b6f678277-735\"\n\t\t\t\n\t\t>\n<div class=\"sow-image-container\">\n\t\t<img loading=\"lazy\" \n\tsrc=\"https:\/\/www.cocimatic.es\/wp-content\/uploads\/2019\/05\/16.jpg\" width=\"581\" height=\"581\" srcset=\"https:\/\/www.cocimatic.es\/wp-content\/uploads\/2019\/05\/16.jpg 581w, https:\/\/www.cocimatic.es\/wp-content\/uploads\/2019\/05\/16-150x150.jpg 150w\" sizes=\"(max-width: 581px) 100vw, 581px\" alt=\"\" \t\tclass=\"so-widget-image\"\/>\n\t<\/div>\n\n<\/div><\/div><\/div><div id=\"pgc-735-5-1\"  class=\"panel-grid-cell\" ><div id=\"panel-735-5-1-0\" class=\"so-panel widget widget_sow-image panel-first-child panel-last-child\" data-index=\"16\" ><div\n\t\t\t\n\t\t\tclass=\"so-widget-sow-image so-widget-sow-image-default-8b5b6f678277-735\"\n\t\t\t\n\t\t>\n<div class=\"sow-image-container\">\n\t\t<img loading=\"lazy\" \n\tsrc=\"https:\/\/www.cocimatic.es\/wp-content\/uploads\/2019\/05\/17.jpg\" width=\"581\" height=\"581\" srcset=\"https:\/\/www.cocimatic.es\/wp-content\/uploads\/2019\/05\/17.jpg 581w, https:\/\/www.cocimatic.es\/wp-content\/uploads\/2019\/05\/17-150x150.jpg 150w\" sizes=\"(max-width: 581px) 100vw, 581px\" alt=\"\" \t\tclass=\"so-widget-image\"\/>\n\t<\/div>\n\n<\/div><\/div><\/div><div id=\"pgc-735-5-2\"  class=\"panel-grid-cell\" ><div id=\"panel-735-5-2-0\" class=\"so-panel widget widget_sow-image panel-first-child panel-last-child\" data-index=\"17\" ><div\n\t\t\t\n\t\t\tclass=\"so-widget-sow-image so-widget-sow-image-default-8b5b6f678277-735\"\n\t\t\t\n\t\t>\n<div class=\"sow-image-container\">\n\t\t<img loading=\"lazy\" \n\tsrc=\"https:\/\/www.cocimatic.es\/wp-content\/uploads\/2019\/05\/18.jpg\" width=\"582\" height=\"581\" srcset=\"https:\/\/www.cocimatic.es\/wp-content\/uploads\/2019\/05\/18.jpg 582w, https:\/\/www.cocimatic.es\/wp-content\/uploads\/2019\/05\/18-150x150.jpg 150w\" sizes=\"(max-width: 582px) 100vw, 582px\" alt=\"\" \t\tclass=\"so-widget-image\"\/>\n\t<\/div>\n\n<\/div><\/div><\/div><\/div><div id=\"pg-735-6\"  class=\"panel-grid panel-no-style\" ><div id=\"pgc-735-6-0\"  class=\"panel-grid-cell\" ><div id=\"panel-735-6-0-0\" class=\"so-panel widget widget_sow-image panel-first-child panel-last-child\" data-index=\"18\" ><div\n\t\t\t\n\t\t\tclass=\"so-widget-sow-image so-widget-sow-image-default-8b5b6f678277-735\"\n\t\t\t\n\t\t>\n<div class=\"sow-image-container\">\n\t\t<img loading=\"lazy\" \n\tsrc=\"https:\/\/www.cocimatic.es\/wp-content\/uploads\/2019\/05\/19.jpg\" width=\"581\" height=\"581\" srcset=\"https:\/\/www.cocimatic.es\/wp-content\/uploads\/2019\/05\/19.jpg 581w, https:\/\/www.cocimatic.es\/wp-content\/uploads\/2019\/05\/19-150x150.jpg 150w\" sizes=\"(max-width: 581px) 100vw, 581px\" alt=\"\" \t\tclass=\"so-widget-image\"\/>\n\t<\/div>\n\n<\/div><\/div><\/div><div id=\"pgc-735-6-1\"  class=\"panel-grid-cell\" ><div id=\"panel-735-6-1-0\" class=\"so-panel widget widget_sow-image panel-first-child panel-last-child\" data-index=\"19\" ><div\n\t\t\t\n\t\t\tclass=\"so-widget-sow-image so-widget-sow-image-default-8b5b6f678277-735\"\n\t\t\t\n\t\t>\n<div class=\"sow-image-container\">\n\t\t<img loading=\"lazy\" \n\tsrc=\"https:\/\/www.cocimatic.es\/wp-content\/uploads\/2019\/05\/20.jpg\" width=\"581\" height=\"581\" srcset=\"https:\/\/www.cocimatic.es\/wp-content\/uploads\/2019\/05\/20.jpg 581w, https:\/\/www.cocimatic.es\/wp-content\/uploads\/2019\/05\/20-150x150.jpg 150w\" sizes=\"(max-width: 581px) 100vw, 581px\" alt=\"\" \t\tclass=\"so-widget-image\"\/>\n\t<\/div>\n\n<\/div><\/div><\/div><div id=\"pgc-735-6-2\"  class=\"panel-grid-cell\" ><div id=\"panel-735-6-2-0\" class=\"so-panel widget widget_sow-image panel-first-child panel-last-child\" data-index=\"20\" ><div\n\t\t\t\n\t\t\tclass=\"so-widget-sow-image so-widget-sow-image-default-8b5b6f678277-735\"\n\t\t\t\n\t\t>\n<div class=\"sow-image-container\">\n\t\t<img loading=\"lazy\" \n\tsrc=\"https:\/\/www.cocimatic.es\/wp-content\/uploads\/2019\/05\/21.jpg\" width=\"582\" height=\"581\" srcset=\"https:\/\/www.cocimatic.es\/wp-content\/uploads\/2019\/05\/21.jpg 582w, https:\/\/www.cocimatic.es\/wp-content\/uploads\/2019\/05\/21-150x150.jpg 150w\" sizes=\"(max-width: 582px) 100vw, 582px\" alt=\"\" \t\tclass=\"so-widget-image\"\/>\n\t<\/div>\n\n<\/div><\/div><\/div><\/div><div id=\"pg-735-7\"  class=\"panel-grid panel-no-style\" ><div id=\"pgc-735-7-0\"  class=\"panel-grid-cell\" ><div id=\"panel-735-7-0-0\" class=\"widget_text so-panel widget widget_custom_html panel-first-child panel-last-child\" data-index=\"21\" ><div class=\"textwidget custom-html-widget\"><section id=\"ht-about-us-section\" class=\"ht-section\" style=\"background-color: ;\"> \n\t\t<div class=\"wow fadeInUp\" data-wow-duration=\"1s\" style=\"visibility: visible; animation-duration: 1s; animation-name: fadeInUp;\">\n\t\t\t\t\t<div class=\"row aboutbox\">\n\t\t\t\t\t\t<div class=\"ht-section-title-tagline\">\n\t\t\t\t\t\t\t<div class=\"text-center  lz-about-subheading\">\n\t\t\t\t\t\t\tCocimatic.es\t\t\t\t\t\t\t\n\t\t\t\t\t\t\t<\/div>\n\t\t\t\t\t\t\t<h2 class=\"text-center ht-section-title lz-about-heading\">\n\t\t\t\t\t\t\t\tM\u00e1s informaci\u00f3n\t\t\t\t\t\t\n\t\t\t\t\t\t\t<\/h2> \n\t\t\t\t\t\t<\/div>\n\t\t\t\t\t<\/div>\n\t\t\t\t\t<div class=\"clearfix\"><\/div>\n\t\t<\/div>\n\t\t<div class=\"col-md-10 col-md-offset-1\">\n\t\t\t<div class=\"row lowerabout-box\">\n\t\t\t\t\t\t<div class=\"about-post-wrap\">\n\t\t\t\t\t\t\t<div class=\"row about-post-boxes\">\n\t\t\t\t\t\t\t<!--\t<div class=\"col-md-4 col-sm-4\">\n\t\t\t\t\t\t\t\t\t<div class=\"about-post text-center\">\n\t\t\t\t\t\t\t\t\t\t<div class=\"about-icon\">\n\t\t\t\t\t\t\t\t\t\t\t<span class=\"fa fa-phone\"><\/span>\n\t\t\t\t\t\t\t\t\t\t<\/div>\n\t\t\t\t\t\t\t\t\t\t<h5>Ll\u00e1manos<\/h5>\n\t\t\t\t\t\t\t\t\t\t<div class=\"about-excerpt\">\n\t\t\t\t\t\t\t\t\t\t\t<p>\n\t\t\t\t\t\t\t\t\t\t\tPara m\u00e1s informaci\u00f3n ll\u00e1manos al<br \/> <a href=\"tel:+34 93 456 26 51\">+34 93 456 26 51<\/a>\n\t\t\t\t\t\t\t\t\t\t\t<\/p>\n\t\t\t\t\t\t\t\t\t\t<\/div>\n\t\t\t\t\t\t\t\t\t<\/div>\n\t\t\t\t\t\t\t\t<\/div>-->\n\t\t\t\t\t\t\t\t<div class=\"col-md-12 col-sm-12\">\n\t\t\t\t\t\t\t\t\t<div class=\"about-post text-center\">\n\t\t\t\t\t\t\t\t\t\t<div class=\"about-icon\">\n\t\t\t\t\t\t\t\t\t\t\t<span class=\"fa fa-envelope-o\"><\/span>\n\t\t\t\t\t\t\t\t\t\t<\/div>\n\t\t\t\t\t\t\t\t\t\t<h5>Escr\u00edbenos<\/h5>\n\t\t\t\t\t\t\t\t\t\t<div class=\"about-excerpt\">\n\t\t\t\t\t\t\t\t\t\t\t<p>\n\t\t\t\t\t\t\t\t\t\t\t\tTambi\u00e9n puedes hacernos llegar tu consulta v\u00eda email <br \/><a href=\"mailto:cocimatic@cocimatic.es\">cocimatic@cocimatic.es<\/a>\t\t\t\t\t\t\t\t\t\t\t\t\t\t\t\t\n\t\t\t\t\t\t\t\t\t\t\t<\/p>\n\t\t\t\t\t\t\t\t\t\t<\/div>\n\t\t\t\t\t\t\t\t\t<\/div>\n\t\t\t\t\t\t\t\t<\/div>\n\t\t\t\t\t\t\t<!--\t<div class=\"col-md-4 col-sm-4\">\n\t\t\t\t\t\t\t\t\t<div class=\"about-post text-center\">\n\t\t\t\t\t\t\t\t\t\t<div class=\"about-icon\">\n\t\t\t\t\t\t\t\t\t\t\t<span class=\"fa fa-map-marker\" aria-hidden=\"true\"><\/span>\n\t\t\t\t\t\t\t\t\t\t<\/div>\n\t\t\t\t\t\t\t\t\t\t<h5>Oficina en Barcelona<\/h5>\n\t\t\t\t\t\t\t\t\t\t<div class=\"about-excerpt\">\n\t\t\t\t\t\t\t\t\t\t\t<p>\n\t\t\t\t\t\t\t\t\t\t\t\t<a target=\"_blank\" href=\"\">c\/Sicilia, 348, Barcelona<\/a>\t\t\t\t\t\t\t\t\t\t\t\t\t\t\t\t\n\t\t\t\t\t\t\t\t\t\t\t<\/p>\n\t\t\t\t\t\t\t\t\t\t<\/div>\n\t\t\t\t\t\t\t\t\t<\/div>\n\t\t\t\t\t\t\t\t<\/div>-->\n\t\t\t\t\t\t\t\t<div class=\"clearfix\"><\/div>\n\t\t\t\t\t\t\t<\/div>\n\t\t\t\t\t\t<\/div>\n\t\t\t\t\t<div class=\"clearfix\"><\/div>\n\t\t\t<\/div>\n\t\t<\/div>\n\t\t<div class=\"clearfix\"><\/div>\n\t<\/section><\/div><\/div><\/div><\/div><\/div>","protected":false},"excerpt":{"rendered":"<p>Cocimatic.es M\u00e1s informaci\u00f3n Escr\u00edbenos Tambi\u00e9n puedes hacernos llegar tu consulta v\u00eda email cocimatic@cocimatic.es<\/p>\n","protected":false},"author":2,"featured_media":761,"parent":0,"menu_order":0,"comment_status":"closed","ping_status":"closed","template":"","meta":{"footnotes":""},"class_list":["post-735","page","type-page","status-publish","has-post-thumbnail","hentry"],"_links":{"self":[{"href":"https:\/\/www.cocimatic.es\/es\/wp-json\/wp\/v2\/pages\/735","targetHints":{"allow":["GET"]}}],"collection":[{"href":"https:\/\/www.cocimatic.es\/es\/wp-json\/wp\/v2\/pages"}],"about":[{"href":"https:\/\/www.cocimatic.es\/es\/wp-json\/wp\/v2\/types\/page"}],"author":[{"embeddable":true,"href":"https:\/\/www.cocimatic.es\/es\/wp-json\/wp\/v2\/users\/2"}],"replies":[{"embeddable":true,"href":"https:\/\/www.cocimatic.es\/es\/wp-json\/wp\/v2\/comments?post=735"}],"version-history":[{"count":10,"href":"https:\/\/www.cocimatic.es\/es\/wp-json\/wp\/v2\/pages\/735\/revisions"}],"predecessor-version":[{"id":1706,"href":"https:\/\/www.cocimatic.es\/es\/wp-json\/wp\/v2\/pages\/735\/revisions\/1706"}],"wp:featuredmedia":[{"embeddable":true,"href":"https:\/\/www.cocimatic.es\/es\/wp-json\/wp\/v2\/media\/761"}],"wp:attachment":[{"href":"https:\/\/www.cocimatic.es\/es\/wp-json\/wp\/v2\/media?parent=735"}],"curies":[{"name":"wp","href":"https:\/\/api.w.org\/{rel}","templated":true}]}}