{"id":1402,"date":"2021-09-22T09:15:58","date_gmt":"2021-09-22T07:15:58","guid":{"rendered":"http:\/\/www.cocimatic.es\/fabrica-de-mobles-de-cuina-2\/"},"modified":"2023-03-27T13:03:39","modified_gmt":"2023-03-27T11:03:39","slug":"fabrica-de-muebles-de-cocina","status":"publish","type":"page","link":"https:\/\/www.cocimatic.es\/es\/fabrica-de-muebles-de-cocina\/","title":{"rendered":"F\u00e1brica de muebles de cocina"},"content":{"rendered":"<div id=\"pl-1402\"  class=\"panel-layout\" ><div id=\"pg-1402-0\"  class=\"panel-grid panel-has-style\" ><div class=\"siteorigin-panels-stretch panel-row-style panel-row-style-for-1402-0\" data-stretch-type=\"full-stretched\" ><div id=\"pgc-1402-0-0\"  class=\"panel-grid-cell\" ><div id=\"panel-1402-0-0-0\" class=\"so-panel widget widget_sow-hero panel-first-child panel-last-child\" data-index=\"0\" ><div\n\t\t\t\n\t\t\tclass=\"so-widget-sow-hero so-widget-sow-hero-default-7adda6cc5492-1402 so-widget-fittext-wrapper\"\n\t\t\t data-fit-text-compressor=\"1.25\"\n\t\t>\t\t\t\t<div class=\"sow-slider-base\" style=\"display: none\" tabindex=\"0\">\n\t\t\t\t\t<ul\n\t\t\t\t\tclass=\"sow-slider-images\"\n\t\t\t\t\tdata-settings=\"{&quot;pagination&quot;:true,&quot;speed&quot;:800,&quot;timeout&quot;:8000,&quot;paused&quot;:true,&quot;pause_on_hover&quot;:false,&quot;swipe&quot;:true,&quot;nav_always_show_desktop&quot;:&quot;&quot;,&quot;nav_always_show_mobile&quot;:&quot;&quot;,&quot;breakpoint&quot;:&quot;780px&quot;,&quot;unmute&quot;:false,&quot;anchor&quot;:null}\"\n\t\t\t\t\tstyle=\"min-height: 80vh\"\t\t\t\t\tdata-anchor-id=\"\"\n\t\t\t\t>\t\t<li class=\"sow-slider-image  sow-slider-image-cover\" style=\"visibility: visible;;background-color: #222222\" >\n\t\t\t\t\t<div class=\"sow-slider-image-container\">\n\t\t\t<div class=\"sow-slider-image-wrapper\">\n\t\t\t\t<h1 style=\"text-align: center\">F\u00e1brica de muebles de cocina<\/h1>\n<h2 style=\"text-align: center;font-size:22px !important\">En Cocimatic somos fabricantes de muebles de cocina totalmente a medida<\/h2>\n<div class=\"sow-hero-buttons\" style=\"text-align: center\"><div\n\t\t\t\n\t\t\tclass=\"so-widget-sow-button so-widget-sow-button-flat-f866e5daee19\"\n\t\t\t\n\t\t><div class=\"ow-button-base ow-button-align-center\"\n>\n\t\t\t<a\n\t\t\t\t\thref=\"#serveis\"\n\t\t\t\t\tclass=\"sowb-button ow-icon-placement-left ow-button-hover\" \t>\n\t\t<span>\n\t\t\t\n\t\t\tComo lo hacemos?\t\t<\/span>\n\t\t\t<\/a>\n\t<\/div>\n<\/div><\/div>\n\t\t\t<\/div>\n\t\t<\/div>\n\t\t<div class=\"sow-slider-image-overlay sow-slider-image-cover\" style=\"opacity: 0.35;background-image: url(https:\/\/www.cocimatic.es\/wp-content\/uploads\/2019\/04\/empresa.jpg)\"  ><\/div>\t\t<\/li>\n\t\t<\/ul>\t\t\t\t<ol class=\"sow-slider-pagination\">\n\t\t\t\t\t\t\t\t\t\t\t<li><a href=\"#\" data-goto=\"0\" aria-label=\"mostrar diapositiva 1\"><\/a><\/li>\n\t\t\t\t\t\t\t\t\t<\/ol>\n\n\t\t\t\t<div class=\"sow-slide-nav sow-slide-nav-next\">\n\t\t\t\t\t<a href=\"#\" data-goto=\"next\" aria-label=\"diapositiva siguiente\" data-action=\"next\">\n\t\t\t\t\t\t<em class=\"sow-sld-icon-thin-right\"><\/em>\n\t\t\t\t\t<\/a>\n\t\t\t\t<\/div>\n\n\t\t\t\t<div class=\"sow-slide-nav sow-slide-nav-prev\">\n\t\t\t\t\t<a href=\"#\" data-goto=\"previous\" aria-label=\"diapositiva anterior\" data-action=\"prev\">\n\t\t\t\t\t\t<em class=\"sow-sld-icon-thin-left\"><\/em>\n\t\t\t\t\t<\/a>\n\t\t\t\t<\/div>\n\t\t\t\t<\/div><\/div><\/div><\/div><\/div><\/div><div id=\"pg-1402-1\"  class=\"panel-grid panel-has-style\" ><div id=\"serveis\" class=\"panel-row-style panel-row-style-for-1402-1\" ><div id=\"pgc-1402-1-0\"  class=\"panel-grid-cell\" ><div id=\"panel-1402-1-0-0\" class=\"so-panel widget widget_sow-headline panel-first-child\" data-index=\"1\" ><div class=\"panel-widget-style panel-widget-style-for-1402-1-0-0\" ><div\n\t\t\t\n\t\t\tclass=\"so-widget-sow-headline so-widget-sow-headline-default-5aa713ce7cce-1402 so-widget-fittext-wrapper\"\n\t\t\t data-fit-text-compressor=\"0.85\"\n\t\t><div class=\"sow-headline-container \">\n\t\t\t\t\t\t\t<h3 class=\"sow-headline\">\n\t\t\t\t\t\tEn nuestra <b> f\u00e1brica de muebles de cocina ... <\/b> <br \/> Dise\u00f1amos, Fabricamos, Montamos\t\t\t\t\t\t<\/h3>\n\t\t\t\t\t\t\t\t\t\t\t\t<p class=\"sow-sub-headline\">\n\t\t\t\t\t\tLlevamos a cabo los proyectos, de principio a fin.\t\t\t\t\t\t<\/p>\n\t\t\t\t\t\t<\/div>\n<\/div><\/div><\/div><div id=\"panel-1402-1-0-1\" class=\"so-panel widget widget_sow-features panel-last-child\" data-index=\"2\" ><div class=\"panel-widget-style panel-widget-style-for-1402-1-0-1\" ><div\n\t\t\t\n\t\t\tclass=\"so-widget-sow-features so-widget-sow-features-default-337894245976-1402\"\n\t\t\t\n\t\t><ul\n\tclass=\"sow-features-list\n\tsow-features-responsive\">\n\n\t\t\t<li\n\t\t\tclass=\"sow-features-feature sow-icon-container-position-top\"\n\t\t\tstyle=\"display: flex; flex-direction: column; width: calc(33.333% - 25px);\"\n\t\t>\n\t\t\t\n\t\t\t\t\t\t<div\t\t\t\tclass=\"sow-icon-container sow-container-none\"\n\t\t\t\tstyle=\"color: #404040; \"\n\t\t\t\ttitle=\"Efic\u00e1cia\"\n\t\t\t\t\t\t\t>\n\t\t\t\t<span class=\"sow-icon-elegantline\" data-sow-icon=\"&#xe039;\"\n\t\tstyle=\"font-size: 65px; color: #404040\" \n\t\taria-hidden=\"true\"><\/span>\t\t\t<\/div>\n\n\t\t\t<div class=\"textwidget\">\n\t\t\t\t\n\t\t\t\t\t\t\t\t\t<h5 class=\"sow-features-feature-title\">\n\t\t\t\t\t\tEfic\u00e1cia\t\t\t\t\t<\/h5>\n\t\t\t\t\n\t\t\t\t\t\t\t\t\t<div class=\"sow-features-feature-text\">\n\t\t\t\t\tEl dise\u00f1o de cocinas es nuestra raz\u00f3n de ser, tomando muy en serio los detalles y manteniendo el esp\u00edritu de vanguardia.\t\t\t\t\t<\/div>\n\t\t\t\t\t\t\t\t<\/div>\n\t\t\t\t\t\t\t\t<\/li>\n\n\t\t\t<li\n\t\t\tclass=\"sow-features-feature sow-icon-container-position-top\"\n\t\t\tstyle=\"display: flex; flex-direction: column; width: calc(33.333% - 25px);\"\n\t\t>\n\t\t\t\n\t\t\t\t\t\t<div\t\t\t\tclass=\"sow-icon-container sow-container-none\"\n\t\t\t\tstyle=\"color: #404040; \"\n\t\t\t\ttitle=\"Estrat\u00e9gia\"\n\t\t\t\t\t\t\t>\n\t\t\t\t<span class=\"sow-icon-elegantline\" data-sow-icon=\"&#xe03b;\"\n\t\tstyle=\"font-size: 65px; color: #404040\" \n\t\taria-hidden=\"true\"><\/span>\t\t\t<\/div>\n\n\t\t\t<div class=\"textwidget\">\n\t\t\t\t\n\t\t\t\t\t\t\t\t\t<h5 class=\"sow-features-feature-title\">\n\t\t\t\t\t\tEstrat\u00e9gia\t\t\t\t\t<\/h5>\n\t\t\t\t\n\t\t\t\t\t\t\t\t\t<div class=\"sow-features-feature-text\">\n\t\t\t\t\tLas recomendaciones y sugerencias tanto del dise\u00f1o como de la fabricaci\u00f3n de tu cocina son nuestra m\u00e1xima prioridad.\t\t\t\t\t<\/div>\n\t\t\t\t\t\t\t\t<\/div>\n\t\t\t\t\t\t\t\t<\/li>\n\n\t\t\t<li\n\t\t\tclass=\"sow-features-feature sow-icon-container-position-top\"\n\t\t\tstyle=\"display: flex; flex-direction: column; width: calc(33.333% - 25px);\"\n\t\t>\n\t\t\t\n\t\t\t\t\t\t<div\t\t\t\tclass=\"sow-icon-container sow-container-none\"\n\t\t\t\tstyle=\"color: #404040; \"\n\t\t\t\ttitle=\"Recursos\"\n\t\t\t\t\t\t\t>\n\t\t\t\t<span class=\"sow-icon-elegantline\" data-sow-icon=\"&#xe040;\"\n\t\tstyle=\"font-size: 65px; color: #404040\" \n\t\taria-hidden=\"true\"><\/span>\t\t\t<\/div>\n\n\t\t\t<div class=\"textwidget\">\n\t\t\t\t\n\t\t\t\t\t\t\t\t\t<h5 class=\"sow-features-feature-title\">\n\t\t\t\t\t\tRecursos\t\t\t\t\t<\/h5>\n\t\t\t\t\n\t\t\t\t\t\t\t\t\t<div class=\"sow-features-feature-text\">\n\t\t\t\t\tTe garantizamos que siempre tratar\u00e1s con la misma persona, uno de nuestros profesionales que te ayudar\u00e1 en todo momento, tanto en el dise\u00f1o como en el montaje de tu cocina.\t\t\t\t\t<\/div>\n\t\t\t\t\t\t\t\t<\/div>\n\t\t\t\t\t\t\t\t<\/li>\n\n\t\t\t<li\n\t\t\tclass=\"sow-features-feature sow-icon-container-position-top\"\n\t\t\tstyle=\"display: flex; flex-direction: column; width: calc(33.333% - 25px);\"\n\t\t>\n\t\t\t\n\t\t\t\t\t\t<div\t\t\t\tclass=\"sow-icon-container sow-container-none\"\n\t\t\t\tstyle=\"color: #404040; \"\n\t\t\t\ttitle=\"Gesti\u00f3n de conflictos\"\n\t\t\t\t\t\t\t>\n\t\t\t\t<span class=\"sow-icon-elegantline\" data-sow-icon=\"&#xe05c;\"\n\t\tstyle=\"font-size: 65px; color: #404040\" \n\t\taria-hidden=\"true\"><\/span>\t\t\t<\/div>\n\n\t\t\t<div class=\"textwidget\">\n\t\t\t\t\n\t\t\t\t\t\t\t\t\t<h5 class=\"sow-features-feature-title\">\n\t\t\t\t\t\tGesti\u00f3n de conflictos\t\t\t\t\t<\/h5>\n\t\t\t\t\n\t\t\t\t\t\t\t\t\t<div class=\"sow-features-feature-text\">\n\t\t\t\t\tValoramos cada presupuesto de manera individual, para nosotros lo m\u00e1s importante eres t\u00fa y trabajamos siempre por entenderte.\t\t\t\t\t<\/div>\n\t\t\t\t\t\t\t\t<\/div>\n\t\t\t\t\t\t\t\t<\/li>\n\n\t\t\t<li\n\t\t\tclass=\"sow-features-feature sow-icon-container-position-top\"\n\t\t\tstyle=\"display: flex; flex-direction: column; width: calc(33.333% - 25px);\"\n\t\t>\n\t\t\t\n\t\t\t\t\t\t<div\t\t\t\tclass=\"sow-icon-container sow-container-none\"\n\t\t\t\tstyle=\"color: #404040; \"\n\t\t\t\ttitle=\"Sistema\"\n\t\t\t\t\t\t\t>\n\t\t\t\t<span class=\"sow-icon-elegantline\" data-sow-icon=\"&#xe02e;\"\n\t\tstyle=\"font-size: 65px; color: #404040\" \n\t\taria-hidden=\"true\"><\/span>\t\t\t<\/div>\n\n\t\t\t<div class=\"textwidget\">\n\t\t\t\t\n\t\t\t\t\t\t\t\t\t<h5 class=\"sow-features-feature-title\">\n\t\t\t\t\t\tSistema\t\t\t\t\t<\/h5>\n\t\t\t\t\n\t\t\t\t\t\t\t\t\t<div class=\"sow-features-feature-text\">\n\t\t\t\t\tDesde hace 40 a\u00f1os seguimos el mismo sistema con m\u00e1xima atenci\u00f3n al cliente. Nuestro cliente no es uno m\u00e1s entre miles, para nosotros es \u00fanico y vivimos su cocina minuto a minuto.\t\t\t\t\t<\/div>\n\t\t\t\t\t\t\t\t<\/div>\n\t\t\t\t\t\t\t\t<\/li>\n\n\t\t\t<li\n\t\t\tclass=\"sow-features-feature sow-icon-container-position-top\"\n\t\t\tstyle=\"display: flex; flex-direction: column; width: calc(33.333% - 25px);\"\n\t\t>\n\t\t\t\n\t\t\t\t\t\t<div\t\t\t\tclass=\"sow-icon-container sow-container-none\"\n\t\t\t\tstyle=\"color: #404040; \"\n\t\t\t\ttitle=\"\u00c9xito\"\n\t\t\t\t\t\t\t>\n\t\t\t\t<span class=\"sow-icon-elegantline\" data-sow-icon=\"&#xe030;\"\n\t\tstyle=\"font-size: 65px; color: #404040\" \n\t\taria-hidden=\"true\"><\/span>\t\t\t<\/div>\n\n\t\t\t<div class=\"textwidget\">\n\t\t\t\t\n\t\t\t\t\t\t\t\t\t<h5 class=\"sow-features-feature-title\">\n\t\t\t\t\t\t\u00c9xito\t\t\t\t\t<\/h5>\n\t\t\t\t\n\t\t\t\t\t\t\t\t\t<div class=\"sow-features-feature-text\">\n\t\t\t\t\tLlevamos a cabo los proyectos, de principio a fin. El montaje es tan importante como el dise\u00f1o, estamos orgullosos de poder ofrecer un servicio profesional muy competitivo.\t\t\t\t\t<\/div>\n\t\t\t\t\t\t\t\t<\/div>\n\t\t\t\t\t\t\t\t<\/li>\n\n\t<\/ul>\n<\/div><\/div><\/div><\/div><\/div><\/div><div id=\"pg-1402-2\"  class=\"panel-grid panel-has-style\" ><div class=\"panel-row-style panel-row-style-for-1402-2\" ><div id=\"pgc-1402-2-0\"  class=\"panel-grid-cell\" ><div id=\"panel-1402-2-0-0\" class=\"so-panel widget widget_text panel-first-child panel-last-child\" data-index=\"3\" >\t\t\t<div class=\"textwidget\"><p>En 1980 iniciamos la <strong>f\u00e1brica de muebles de cocina<\/strong> con la m\u00e1xima calidad y dise\u00f1o.<br \/>\nDurante a\u00f1os nuestras tiendas <strong>COCIMATIC<\/strong> han instalado miles de cocinas a varias generaciones de clientes, nos lo demuestran cada d\u00eda con su confianza y nuevos pedidos, muchos de las mismas familias con las que hemos tratado, padres, hijos etc.<\/p>\n<p>Siempre hemos vivido dando la m\u00e1xima satisfacci\u00f3n a nuestros clientes, distribuyendo y fabricando sus cocinas cent\u00edmetro a cent\u00edmetro, como un sastre a medida y explicando a nuestros clientes todos y cada uno de los detalles por m\u00ednimos que sean.<\/p>\n<p>Nuestros modelos siempre est\u00e1n actualizados y ofrecemos todas las cualidades: Lacados, Madera Maciza, Chapa Madera, Polilaminados, Laminados.<\/p>\n<p>Tiradores integrados, u\u00f1eros, asa, push- Con la posibilidad de elegirlos en varios colores.<br \/>\nAccesorios resistentes y de todo tipo (rinconeras, verduleros, desechos, cestas etc.)<\/p>\n<p>Instalaci\u00f3n completa de sobres y paredes en DEKTON, SILESTONE, NEHOLIT, TECHLAM, NATURAMIA &#8230;<\/p>\n<p>Actualmente ofrecemos a nuestros clientes un precio directo de f\u00e1brica instalada en PARETS DEL VALL\u00c8S.<\/p>\n<p>NO LO DUDE <strong>CONTACTE CON NOSOTROS<\/strong>, env\u00edenos un E-mail: cocimatic@cocimatic.es<\/p>\n<p>Concertaremos hora para pasar por su domicilio<br \/>\nLe ayudamos en la distribuci\u00f3n y como siempre le damos el mejor precio.<\/p>\n<\/div>\n\t\t<\/div><\/div><div id=\"pgc-1402-2-1\"  class=\"panel-grid-cell\" ><div id=\"panel-1402-2-1-0\" class=\"so-panel widget widget_media_image panel-first-child panel-last-child\" data-index=\"4\" ><img fetchpriority=\"high\" decoding=\"async\" width=\"600\" height=\"520\" src=\"https:\/\/www.cocimatic.es\/wp-content\/uploads\/2021\/09\/CASADO-2-600x520-1.jpg\" class=\"image wp-image-1409  attachment-full size-full\" alt=\"F\u00e1brica de muebles de cocina\" style=\"max-width: 100%; height: auto;\" \/><\/div><\/div><\/div><\/div><div id=\"pg-1402-3\"  class=\"panel-grid panel-has-style\" ><div class=\"siteorigin-panels-stretch panel-row-style panel-row-style-for-1402-3\" data-stretch-type=\"full-stretched-padded\" ><div id=\"pgc-1402-3-0\"  class=\"panel-grid-cell\" ><div id=\"panel-1402-3-0-0\" class=\"so-panel widget widget_sow-headline panel-first-child\" data-index=\"5\" ><div\n\t\t\t\n\t\t\tclass=\"so-widget-sow-headline so-widget-sow-headline-default-4155b6148a36-1402 so-widget-fittext-wrapper\"\n\t\t\t data-fit-text-compressor=\"0.85\"\n\t\t><div class=\"sow-headline-container \">\n\t\t\t\t\t\t\t<h4 class=\"sow-headline\">\n\t\t\t\t\t\tDise\u00f1os de m\u00e1xima calidad, realizados a medida cent\u00edmetro a cent\u00edmetro\t\t\t\t\t\t<\/h4>\n\t\t\t\t\t\t\t\t\t\t\t\t<p class=\"sow-sub-headline\">\n\t\t\t\t\t\tNuestras cocinas son duraderas y de m\u00e1xima calidad.\t\t\t\t\t\t<\/p>\n\t\t\t\t\t\t<\/div>\n<\/div><\/div><div id=\"panel-1402-3-0-1\" class=\"so-panel widget widget_sow-button panel-last-child\" data-index=\"6\" ><div\n\t\t\t\n\t\t\tclass=\"so-widget-sow-button so-widget-sow-button-flat-f866e5daee19-1402\"\n\t\t\t\n\t\t><div class=\"ow-button-base ow-button-align-center\"\n>\n\t\t\t<a\n\t\t\t\t\thref=\"\/es\/proyectos\/\"\n\t\t\t\t\tclass=\"sowb-button ow-icon-placement-left ow-button-hover\" target=\"_blank\" rel=\"noopener noreferrer\" \t>\n\t\t<span>\n\t\t\t\n\t\t\tProyectos\t\t<\/span>\n\t\t\t<\/a>\n\t<\/div>\n<\/div><\/div><\/div><\/div><\/div><\/div>","protected":false},"excerpt":{"rendered":"<p>F\u00e1brica de muebles de cocina En Cocimatic somos fabricantes de muebles de cocina totalmente a medida Como lo hacemos? En nuestra f\u00e1brica de muebles de cocina &#8230; Dise\u00f1amos, Fabricamos, Montamos Llevamos a cabo los proyectos, de principio a fin. Efic\u00e1cia El dise\u00f1o de cocinas es nuestra raz\u00f3n de ser, tomando muy en serio los detalles [&hellip;]<\/p>\n","protected":false},"author":2,"featured_media":0,"parent":0,"menu_order":0,"comment_status":"closed","ping_status":"closed","template":"templates\/portada-template.php","meta":{"footnotes":""},"class_list":["post-1402","page","type-page","status-publish","hentry"],"_links":{"self":[{"href":"https:\/\/www.cocimatic.es\/es\/wp-json\/wp\/v2\/pages\/1402","targetHints":{"allow":["GET"]}}],"collection":[{"href":"https:\/\/www.cocimatic.es\/es\/wp-json\/wp\/v2\/pages"}],"about":[{"href":"https:\/\/www.cocimatic.es\/es\/wp-json\/wp\/v2\/types\/page"}],"author":[{"embeddable":true,"href":"https:\/\/www.cocimatic.es\/es\/wp-json\/wp\/v2\/users\/2"}],"replies":[{"embeddable":true,"href":"https:\/\/www.cocimatic.es\/es\/wp-json\/wp\/v2\/comments?post=1402"}],"version-history":[{"count":18,"href":"https:\/\/www.cocimatic.es\/es\/wp-json\/wp\/v2\/pages\/1402\/revisions"}],"predecessor-version":[{"id":1698,"href":"https:\/\/www.cocimatic.es\/es\/wp-json\/wp\/v2\/pages\/1402\/revisions\/1698"}],"wp:attachment":[{"href":"https:\/\/www.cocimatic.es\/es\/wp-json\/wp\/v2\/media?parent=1402"}],"curies":[{"name":"wp","href":"https:\/\/api.w.org\/{rel}","templated":true}]}}